{"id":292,"date":"2024-11-20T08:19:18","date_gmt":"2024-11-20T08:19:18","guid":{"rendered":"https:\/\/dgrnk.org\/?page_id=292"},"modified":"2024-11-21T09:19:20","modified_gmt":"2024-11-21T09:19:20","slug":"historique-2","status":"publish","type":"page","link":"https:\/\/dgrnk.org\/?page_id=292","title":{"rendered":"Historique"},"content":{"rendered":"\n<p class=\"has-small-font-size\" style=\"margin-top:0;margin-right:0;margin-bottom:0;margin-left:0\">La DGR-NK a commenc\u00e9 sous le nom de la Brigade Provinciale des Finances (BFF). C&#8217;\u00e9tait par l&#8217;arr\u00eat\u00e9 n\u00b001\/ 050 \/ CAB \/ GP-NK\/ 2007 du 22 Ao\u00fbt 2007 portant cr\u00e9ation de BPF. Son objectif \u00e9tait d&#8217;encadrer les recettes publiques, contr\u00f4ler et v\u00e9rifier les imprim\u00e9es de valeur, contr\u00f4ler l&#8217;application de l&#8217;\u00e9dit. Les agents de la BPF \u00e9taient appel\u00e9s inspecteurs des finances qui contr\u00f4laient les imp\u00f4ts et taxes per\u00e7ues jadis par DGI, DGRA, DGDA, &#8230;<\/p>\n\n\n\n<p>En 2009, cette Brigade a chang\u00e9 \u00e0 Comit\u00e9 de pilotage de l&#8217;Administration fiscale (COPIAF). C&#8217;\u00e9tait pour pr\u00e9parer une administration fiscale provinciale pouvant s&#8217;occuper de la perception des taxes, des imp\u00f4ts et autres droits de la province.<\/p>\n\n\n\n<p>En date du 29\/10\/2009, la DGR-NK a vu le jour l&#8217;arr\u00eat\u00e9 par l&#8217;arr\u00eat\u00e9 n\u00b001\/010\/CAB\/GP-NK\/2009 portant cr\u00e9ation et statut d&#8217;un service public d\u00e9nomm\u00e9 DGR-NK. La DGR-NK jouit d&#8217;une autonomie administrative et financi\u00e8re plac\u00e9e sous tutelle du minist\u00e8re provincial des finances.<\/p>\n\n\n\n<p>La DGR-NK travaille avec ses centres op\u00e9rationnels et ses services d&#8217;assiette notamment : division de plan, de l&#8217;urbanisme, de l&#8217;habitat, des affaires fonci\u00e8res, des mines, de tourisme, de l&#8217;EPSP, de la sant\u00e9,<\/p>\n","protected":false},"excerpt":{"rendered":"<p>La DGR-NK a commenc\u00e9 sous le nom de la Brigade Provinciale des Finances (BFF). C&#8217;\u00e9tait par l&#8217;arr\u00eat\u00e9 n\u00b001\/ 050 \/ CAB \/ GP-NK\/ 2007 du [&hellip;]<\/p>\n","protected":false},"author":1,"featured_media":0,"parent":0,"menu_order":0,"comment_status":"closed","ping_status":"closed","template":"","meta":{"footnotes":""},"class_list":["post-292","page","type-page","status-publish","hentry"],"_links":{"self":[{"href":"https:\/\/dgrnk.org\/index.php?rest_route=\/wp\/v2\/pages\/292","targetHints":{"allow":["GET"]}}],"collection":[{"href":"https:\/\/dgrnk.org\/index.php?rest_route=\/wp\/v2\/pages"}],"about":[{"href":"https:\/\/dgrnk.org\/index.php?rest_route=\/wp\/v2\/types\/page"}],"author":[{"embeddable":true,"href":"https:\/\/dgrnk.org\/index.php?rest_route=\/wp\/v2\/users\/1"}],"replies":[{"embeddable":true,"href":"https:\/\/dgrnk.org\/index.php?rest_route=%2Fwp%2Fv2%2Fcomments&post=292"}],"version-history":[{"count":3,"href":"https:\/\/dgrnk.org\/index.php?rest_route=\/wp\/v2\/pages\/292\/revisions"}],"predecessor-version":[{"id":417,"href":"https:\/\/dgrnk.org\/index.php?rest_route=\/wp\/v2\/pages\/292\/revisions\/417"}],"wp:attachment":[{"href":"https:\/\/dgrnk.org\/index.php?rest_route=%2Fwp%2Fv2%2Fmedia&parent=292"}],"curies":[{"name":"wp","href":"https:\/\/api.w.org\/{rel}","templated":true}]}}